{"id":21151,"date":"2019-07-06T14:16:13","date_gmt":"2019-07-06T14:16:13","guid":{"rendered":"https:\/\/avaner.eu\/o-nas\/"},"modified":"2021-08-25T12:17:08","modified_gmt":"2021-08-25T12:17:08","slug":"o-nas","status":"publish","type":"page","link":"https:\/\/avaner.eu\/de\/o-nas\/","title":{"rendered":"\u00dcber uns"},"content":{"rendered":"<p>[vc_row full_width=&#8220;stretch_row&#8220; bg_type=&#8220;image&#8220; parallax_style=&#8220;vcpb-default&#8220; bg_image_new=&#8220;id^240|url^http:\/\/wp.kodesolution.live\/corporate\/business\/industryee\/demo\/wp-content\/uploads\/sites\/2\/2019\/06\/circle-dot-bg.png|caption^null|alt^null|title^circle-dot-bg|description^null&#8220;][vc_column css=&#8220;.vc_custom_1561608198625{padding-top: 0px !important;}&#8220;]<div class=\"   tm-sc tm-sc-custom-columns-holder tm-cc-two-columns tm-cc-responsive-mode-768\"><div class=\"tm-sc tm-sc-custom-columns-holder-item     vc_custom_1561830218560\" data-item-class=\"industryee-mascot-custom-columns-992929\">\r\n\t\t<div class=\"item-inner\">\r\n\t\t<div class=\"item-content industryee-mascot-custom-columns-992929\" >\r\n\t\t\t[tmvc_element_holder paroller_enable=&#8220;true&#8220; bg_text=&#8220;1993&#8243; bg_text_style=&#8220;color: #f5f5f5;font-size: 15rem;line-height: 1;top: -85px;left: -38px;&#8220;][vc_custom_heading text=&#8220;\u00dcber uns&#8220; font_container=&#8220;tag:h5|text_align:left&#8220; use_theme_fonts=&#8220;yes&#8220; el_class=&#8220;mt-0 text-gray&#8220;][vc_column_text el_class=&#8220;mb-3&#8243;]<\/p>\n<h3>Familie jeweils <span class=\"text-theme-colored1\">an erster Stelle<\/span><\/h3>\n<p>[\/vc_column_text][vc_column_text el_class=&#8220;mb-3&#8243;]<\/p>\n<h5>2000 nahm mein Vater mich unter seine Fittiche und begann mit meiner langsamen Einweisung in sein Handwerk. Die Anf\u00e4nge waren erregend, weil die Arbeit, die wir damals aus\u00fcbten, in den Wolken begonnen und gefertigt wurde. Wir reisten viel: Wir reisten fast alle Kontinente durch, lernten neue Menschen und wundersch\u00f6ne Orte kennen. Es waren unvergessliche Zeiten.<\/h5>\n<p>[\/vc_column_text][vc_column_text]Schlosserarbeiten, Einbau von riesigen Bauteilen, Hochbauarbeiten oder anspruchsvolle Bedienung von Baumaschinen wurden unser Alltag. Allm\u00e4hlich liefen wir alle m\u00f6glichen Arbeitsstellen durch, erlebten Karrierewachstum: Wir waren Monteure, Teamleiter, Supervisoren sowie Managers. Wir sammelten Erfahrungen mit der Planung von umfangreichen Projekten, mit der Erarbeitung von Absch\u00e4tzungen und Haushalten. 2021 trafen wir jedoch zuletzt die Entscheidung, unser eigenes Unternehmen zu gr\u00fcnden und unsere breiten und umfangreichen Erfahrungen aus unserem langj\u00e4hrigen Berufsleben geltend zu machen.[\/vc_column_text][vc_column_text el_class=&#8220;mb-3&#8243;]<\/p>\n<h5>Wir nahmen unseren eigenen Weg, weil wir die Dienstleistungen auf der h\u00f6chsten Ebene erbringen m\u00f6chten<\/h5>\n<p>[\/vc_column_text][vc_column_text]Nach so vielen Jahren war es zwar keine leichte Entscheidung, aber das Verlassen der Firma, die uns buchst\u00e4blich erzogen hatte, war sozusagen der erforderliche Schritt. Wir nahmen unseren eigenen Weg \u2013 den lockenden, interessanten und nur unseren. Wir erreichen unsere neuen Erfolge bez\u00fcglich Menschen und Partner, auf die Sie sich verlassen k\u00f6nnen.[\/vc_column_text][vc_column_text el_class=&#8220;mb-3&#8243;]<\/p>\n<h5>Unser Familienname ist die Garantie f\u00fcr die 100%-ige Qualit\u00e4t und Sicherheit.<\/h5>\n<p>[\/vc_column_text][\/tmvc_element_holder]\t\t<\/div>\r\n\t<\/div>\r\n<\/div><div class=\"tm-sc tm-sc-custom-columns-holder-item tm-cc-horizontal-alignment-right   \" data-item-class=\"industryee-mascot-custom-columns-227941\">\r\n\t\t<div class=\"item-inner\">\r\n\t\t<div class=\"item-content industryee-mascot-custom-columns-227941\" >\r\n\t\t\t[vc_single_image image=&#8220;20879&#8243; img_size=&#8220;large&#8220; el_class=&#8220;mb-0 tm-item-appear-clip-path mt-sm-30&#8243;]\t\t<\/div>\r\n\t<\/div>\r\n<\/div><\/div>[\/vc_column][\/vc_row]<\/p>\n","protected":false},"excerpt":{"rendered":"<p>[vc_row full_width=&#8220;stretch_row&#8220; bg_type=&#8220;image&#8220; parallax_style=&#8220;vcpb-default&#8220; bg_image_new=&#8220;id^240|url^http:\/\/wp.kodesolution.live\/corporate\/business\/industryee\/demo\/wp-content\/uploads\/sites\/2\/2019\/06\/circle-dot-bg.png|caption^null|alt^null|title^circle-dot-bg|description^null&#8220;][vc_column css=&#8220;.vc_custom_1561608198625{padding-top: 0px !important;}&#8220;][\/vc_column][\/vc_row]<\/p>\n","protected":false},"author":1,"featured_media":0,"parent":0,"menu_order":0,"comment_status":"closed","ping_status":"closed","template":"","meta":[],"_links":{"self":[{"href":"https:\/\/avaner.eu\/de\/wp-json\/wp\/v2\/pages\/21151"}],"collection":[{"href":"https:\/\/avaner.eu\/de\/wp-json\/wp\/v2\/pages"}],"about":[{"href":"https:\/\/avaner.eu\/de\/wp-json\/wp\/v2\/types\/page"}],"author":[{"embeddable":true,"href":"https:\/\/avaner.eu\/de\/wp-json\/wp\/v2\/users\/1"}],"replies":[{"embeddable":true,"href":"https:\/\/avaner.eu\/de\/wp-json\/wp\/v2\/comments?post=21151"}],"version-history":[{"count":4,"href":"https:\/\/avaner.eu\/de\/wp-json\/wp\/v2\/pages\/21151\/revisions"}],"predecessor-version":[{"id":21204,"href":"https:\/\/avaner.eu\/de\/wp-json\/wp\/v2\/pages\/21151\/revisions\/21204"}],"wp:attachment":[{"href":"https:\/\/avaner.eu\/de\/wp-json\/wp\/v2\/media?parent=21151"}],"curies":[{"name":"wp","href":"https:\/\/api.w.org\/{rel}","templated":true}]}}